{"id":671080,"date":"2024-01-24T15:02:35","date_gmt":"2024-01-24T15:02:35","guid":{"rendered":"https:\/\/bravilor.com\/baerekraft\/"},"modified":"2024-04-18T11:54:52","modified_gmt":"2024-04-18T11:54:52","slug":"baerekraft","status":"publish","type":"page","link":"https:\/\/www.testing.bravilor.dkpnt.nl\/no\/baerekraft\/","title":{"rendered":"B\u00e6rekraft"},"content":{"rendered":"\n<p>Ved \u00e5 omfavne det brede b\u00e6rekraftsbegrepet reduserer vi aktivt v\u00e5rt milj\u00f8messige fotavtrykk og tar vare p\u00e5 verdifulle ressurser. Det er en av grunnene til at rustfritt st\u00e5l er v\u00e5rt foretrukne materiale. Rustfritt st\u00e5l er i seg selv 100 % resirkulerbart. Faktisk stammer st\u00f8rstedelen av alt rustfritt st\u00e5l i verden i dag fra skrapmaterialer. Produksjonen av rustfritt st\u00e5l produserer heller ikke giftig avrenning.<\/p>\n\n\n\n<div class=\"wp-block-columns has-2-columns is-layout-flex wp-container-core-columns-is-layout-9d6595d7 wp-block-columns-is-layout-flex\">\n<div class=\"wp-block-column is-layout-flow wp-block-column-is-layout-flow\">\n<figure class=\"wp-block-image size-large\"><img loading=\"lazy\" decoding=\"async\" width=\"1024\" height=\"683\" src=\"https:\/\/core.fuga.cloud:8080\/db65bd9df005494ab29dbe1819cb94fe:bravilor-testing\/uploads\/2024\/02\/2022_MetalShop_25-1024x683.jpg\" alt=\"\" class=\"wp-image-665407\" srcset=\"https:\/\/core.fuga.cloud:8080\/db65bd9df005494ab29dbe1819cb94fe:bravilor-testing\/uploads\/2024\/02\/2022_MetalShop_25-1024x683.jpg 1024w, https:\/\/core.fuga.cloud:8080\/db65bd9df005494ab29dbe1819cb94fe:bravilor-testing\/uploads\/2024\/02\/2022_MetalShop_25-300x200.jpg 300w, https:\/\/core.fuga.cloud:8080\/db65bd9df005494ab29dbe1819cb94fe:bravilor-testing\/uploads\/2024\/02\/2022_MetalShop_25-768x512.jpg 768w, https:\/\/core.fuga.cloud:8080\/db65bd9df005494ab29dbe1819cb94fe:bravilor-testing\/uploads\/2024\/02\/2022_MetalShop_25-1013x675.jpg 1013w, https:\/\/core.fuga.cloud:8080\/db65bd9df005494ab29dbe1819cb94fe:bravilor-testing\/uploads\/2024\/02\/2022_MetalShop_25-675x450.jpg 675w, https:\/\/core.fuga.cloud:8080\/db65bd9df005494ab29dbe1819cb94fe:bravilor-testing\/uploads\/2024\/02\/2022_MetalShop_25-338x225.jpg 338w, https:\/\/core.fuga.cloud:8080\/db65bd9df005494ab29dbe1819cb94fe:bravilor-testing\/uploads\/2024\/02\/2022_MetalShop_25.jpg 1500w\" sizes=\"auto, (max-width: 1024px) 100vw, 1024px\" \/><\/figure>\n<\/div>\n\n\n\n<div class=\"wp-block-column is-layout-flow wp-block-column-is-layout-flow\">\n<figure class=\"wp-block-image size-large\"><img loading=\"lazy\" decoding=\"async\" width=\"1024\" height=\"683\" src=\"https:\/\/core.fuga.cloud:8080\/db65bd9df005494ab29dbe1819cb94fe:bravilor-testing\/uploads\/2024\/02\/2022_MetalShop_03-1024x683.jpg\" alt=\"\" class=\"wp-image-665446\" srcset=\"https:\/\/core.fuga.cloud:8080\/db65bd9df005494ab29dbe1819cb94fe:bravilor-testing\/uploads\/2024\/02\/2022_MetalShop_03-1024x683.jpg 1024w, https:\/\/core.fuga.cloud:8080\/db65bd9df005494ab29dbe1819cb94fe:bravilor-testing\/uploads\/2024\/02\/2022_MetalShop_03-300x200.jpg 300w, https:\/\/core.fuga.cloud:8080\/db65bd9df005494ab29dbe1819cb94fe:bravilor-testing\/uploads\/2024\/02\/2022_MetalShop_03-768x512.jpg 768w, https:\/\/core.fuga.cloud:8080\/db65bd9df005494ab29dbe1819cb94fe:bravilor-testing\/uploads\/2024\/02\/2022_MetalShop_03-1013x675.jpg 1013w, https:\/\/core.fuga.cloud:8080\/db65bd9df005494ab29dbe1819cb94fe:bravilor-testing\/uploads\/2024\/02\/2022_MetalShop_03-675x450.jpg 675w, https:\/\/core.fuga.cloud:8080\/db65bd9df005494ab29dbe1819cb94fe:bravilor-testing\/uploads\/2024\/02\/2022_MetalShop_03-338x225.jpg 338w, https:\/\/core.fuga.cloud:8080\/db65bd9df005494ab29dbe1819cb94fe:bravilor-testing\/uploads\/2024\/02\/2022_MetalShop_03.jpg 1500w\" sizes=\"auto, (max-width: 1024px) 100vw, 1024px\" \/><\/figure>\n<\/div>\n<\/div>\n\n\n\n<h2 class=\"wp-block-heading\">Solcelleparken<\/h2>\n\n\n\n<p>Anlegget v\u00e5rt i Heerhugowaard huser en imponerende solcellepark med 4 600 solcellepaneler. Med en \u00e5rlig produksjon p\u00e5 1 705 000 kWh &#8211; tilsvarende over 500 husstander &#8211; er vi ikke lenger avhengige av fossilt brensel for \u00e5 f\u00e5 str\u00f8m, og vi er helt selvforsynte p\u00e5 dette omr\u00e5det. Redusere CO2-utslippene v\u00e5re med 616 tonn CO2 \u00e5rlig. Bidra til v\u00e5r forpliktelse til \u00e5 drive helt CO2-n\u00f8ytralt og sirkul\u00e6rt innen 2050.<\/p>\n\n\n\n<div class=\"wp-block-columns has-2-columns is-layout-flex wp-container-core-columns-is-layout-9d6595d7 wp-block-columns-is-layout-flex\">\n<div class=\"wp-block-column is-layout-flow wp-block-column-is-layout-flow\">\n<figure class=\"wp-block-image size-large\"><img loading=\"lazy\" decoding=\"async\" width=\"1024\" height=\"682\" src=\"https:\/\/core.fuga.cloud:8080\/db65bd9df005494ab29dbe1819cb94fe:bravilor-testing\/uploads\/2024\/02\/043.tych_.bravilorbonamat.zonnepark.230420-1024x682.jpg\" alt=\"\" class=\"wp-image-665356\" srcset=\"https:\/\/core.fuga.cloud:8080\/db65bd9df005494ab29dbe1819cb94fe:bravilor-testing\/uploads\/2024\/02\/043.tych_.bravilorbonamat.zonnepark.230420-1024x682.jpg 1024w, https:\/\/core.fuga.cloud:8080\/db65bd9df005494ab29dbe1819cb94fe:bravilor-testing\/uploads\/2024\/02\/043.tych_.bravilorbonamat.zonnepark.230420-300x200.jpg 300w, https:\/\/core.fuga.cloud:8080\/db65bd9df005494ab29dbe1819cb94fe:bravilor-testing\/uploads\/2024\/02\/043.tych_.bravilorbonamat.zonnepark.230420-768x511.jpg 768w, https:\/\/core.fuga.cloud:8080\/db65bd9df005494ab29dbe1819cb94fe:bravilor-testing\/uploads\/2024\/02\/043.tych_.bravilorbonamat.zonnepark.230420-1536x1023.jpg 1536w, https:\/\/core.fuga.cloud:8080\/db65bd9df005494ab29dbe1819cb94fe:bravilor-testing\/uploads\/2024\/02\/043.tych_.bravilorbonamat.zonnepark.230420-1622x1080.jpg 1622w, https:\/\/core.fuga.cloud:8080\/db65bd9df005494ab29dbe1819cb94fe:bravilor-testing\/uploads\/2024\/02\/043.tych_.bravilorbonamat.zonnepark.230420-1014x675.jpg 1014w, https:\/\/core.fuga.cloud:8080\/db65bd9df005494ab29dbe1819cb94fe:bravilor-testing\/uploads\/2024\/02\/043.tych_.bravilorbonamat.zonnepark.230420-676x450.jpg 676w, https:\/\/core.fuga.cloud:8080\/db65bd9df005494ab29dbe1819cb94fe:bravilor-testing\/uploads\/2024\/02\/043.tych_.bravilorbonamat.zonnepark.230420-338x225.jpg 338w, https:\/\/core.fuga.cloud:8080\/db65bd9df005494ab29dbe1819cb94fe:bravilor-testing\/uploads\/2024\/02\/043.tych_.bravilorbonamat.zonnepark.230420.jpg 2000w\" sizes=\"auto, (max-width: 1024px) 100vw, 1024px\" \/><\/figure>\n<\/div>\n\n\n\n<div class=\"wp-block-column is-layout-flow wp-block-column-is-layout-flow\">\n<figure class=\"wp-block-image size-large\"><img loading=\"lazy\" decoding=\"async\" width=\"1024\" height=\"682\" src=\"https:\/\/core.fuga.cloud:8080\/db65bd9df005494ab29dbe1819cb94fe:bravilor-testing\/uploads\/2024\/02\/033.tych_.bravilorbonamat.zonnepark.230420-1024x682.jpg\" alt=\"\" class=\"wp-image-665317\" srcset=\"https:\/\/core.fuga.cloud:8080\/db65bd9df005494ab29dbe1819cb94fe:bravilor-testing\/uploads\/2024\/02\/033.tych_.bravilorbonamat.zonnepark.230420-1024x682.jpg 1024w, https:\/\/core.fuga.cloud:8080\/db65bd9df005494ab29dbe1819cb94fe:bravilor-testing\/uploads\/2024\/02\/033.tych_.bravilorbonamat.zonnepark.230420-300x200.jpg 300w, https:\/\/core.fuga.cloud:8080\/db65bd9df005494ab29dbe1819cb94fe:bravilor-testing\/uploads\/2024\/02\/033.tych_.bravilorbonamat.zonnepark.230420-768x512.jpg 768w, https:\/\/core.fuga.cloud:8080\/db65bd9df005494ab29dbe1819cb94fe:bravilor-testing\/uploads\/2024\/02\/033.tych_.bravilorbonamat.zonnepark.230420-1536x1024.jpg 1536w, https:\/\/core.fuga.cloud:8080\/db65bd9df005494ab29dbe1819cb94fe:bravilor-testing\/uploads\/2024\/02\/033.tych_.bravilorbonamat.zonnepark.230420-1620x1080.jpg 1620w, https:\/\/core.fuga.cloud:8080\/db65bd9df005494ab29dbe1819cb94fe:bravilor-testing\/uploads\/2024\/02\/033.tych_.bravilorbonamat.zonnepark.230420-1013x675.jpg 1013w, https:\/\/core.fuga.cloud:8080\/db65bd9df005494ab29dbe1819cb94fe:bravilor-testing\/uploads\/2024\/02\/033.tych_.bravilorbonamat.zonnepark.230420-675x450.jpg 675w, https:\/\/core.fuga.cloud:8080\/db65bd9df005494ab29dbe1819cb94fe:bravilor-testing\/uploads\/2024\/02\/033.tych_.bravilorbonamat.zonnepark.230420-338x225.jpg 338w, https:\/\/core.fuga.cloud:8080\/db65bd9df005494ab29dbe1819cb94fe:bravilor-testing\/uploads\/2024\/02\/033.tych_.bravilorbonamat.zonnepark.230420.jpg 2000w\" sizes=\"auto, (max-width: 1024px) 100vw, 1024px\" \/><\/figure>\n<\/div>\n<\/div>\n\n\n\n<div class=\"wp-block-columns has-2-columns is-layout-flex wp-container-core-columns-is-layout-9d6595d7 wp-block-columns-is-layout-flex\">\n<div class=\"wp-block-column is-layout-flow wp-block-column-is-layout-flow\">\n<figure class=\"wp-block-image size-full\"><img loading=\"lazy\" decoding=\"async\" width=\"500\" height=\"375\" src=\"https:\/\/core.fuga.cloud:8080\/db65bd9df005494ab29dbe1819cb94fe:bravilor-testing\/uploads\/2024\/02\/iso14001-png.png\" alt=\"\" class=\"wp-image-665605\" srcset=\"https:\/\/core.fuga.cloud:8080\/db65bd9df005494ab29dbe1819cb94fe:bravilor-testing\/uploads\/2024\/02\/iso14001-png.png 500w, https:\/\/core.fuga.cloud:8080\/db65bd9df005494ab29dbe1819cb94fe:bravilor-testing\/uploads\/2024\/02\/iso14001-png-300x225.png 300w\" sizes=\"auto, (max-width: 500px) 100vw, 500px\" \/><\/figure>\n<\/div>\n\n\n\n<div class=\"wp-block-column is-layout-flow wp-block-column-is-layout-flow\">\n<h2 class=\"wp-block-heading\">ISO 14001-sertifisert<\/h2>\n\n\n\n<p>Anlegget v\u00e5rt i Heerhugowaard har v\u00e6rt ISO 14001-sertifisert for milj\u00f8ledelse siden 2010. illustrerer v\u00e5r kontinuerlige suksess p\u00e5 dette omr\u00e5det og viser at vi har effektiv kontroll over forretningsprosesser og milj\u00f8risiko. Ved kontinuerlig \u00e5 iverksette tiltak p\u00e5 policy- og organisasjonsniv\u00e5 arbeider vi systematisk for \u00e5 minimere milj\u00f8p\u00e5virkningen v\u00e5r.<\/p>\n\n\n\r\n<a class=\"c-button c-button--red\" href=\"https:\/\/bravilor.com\/app\/uploads\/2024\/02\/cer-iso-14001-en.pdf\" target=\"_blank\">\r\n    <span class=\"c-button__text\">Se v\u00e5rt ISO 14001-sertifikat<\/span>\r\n<\/a>\r\n<\/div>\n<\/div>\n\n\n\n<p> <\/p>\n\n\n\n<p><\/p>\n\n\n\n<p><\/p>\n\n\n\n<p><\/p>\n","protected":false},"excerpt":{"rendered":"<p>Ved \u00e5 omfavne det brede b\u00e6rekraftsbegrepet reduserer vi aktivt v\u00e5rt milj\u00f8messige fotavtrykk og tar vare p\u00e5 verdifulle ressurser. Det er en av grunnene til at rustfritt st\u00e5l er v\u00e5rt foretrukne materiale. Rustfritt st\u00e5l er i seg selv 100 % resirkulerbart. Faktisk stammer st\u00f8rstedelen av alt rustfritt st\u00e5l i verden i dag fra skrapmaterialer. Produksjonen av [&hellip;]<\/p>\n","protected":false},"author":5,"featured_media":0,"parent":0,"menu_order":0,"comment_status":"closed","ping_status":"closed","template":"","meta":{"_acf_changed":false,"footnotes":""},"class_list":["post-671080","page","type-page","status-publish","hentry"],"acf":[],"yoast_head":"<!-- This site is optimized with the Yoast SEO plugin v26.3 - https:\/\/yoast.com\/wordpress\/plugins\/seo\/ -->\n<title>B\u00e6rekraft - Bravilor Bonamat<\/title>\n<meta name=\"description\" content=\"B\u00e6rekraft fra er kaffemaskinen for bedrifter med store ambisjoner. God kaffe gir glade ansatte. Finn ut mer!\" \/>\n<meta name=\"robots\" content=\"noindex, follow, max-snippet:-1, max-image-preview:large, max-video-preview:-1\" \/>\n<meta property=\"og:locale\" content=\"nb_NO\" \/>\n<meta property=\"og:type\" content=\"article\" \/>\n<meta property=\"og:title\" content=\"B\u00e6rekraft - Bravilor Bonamat\" \/>\n<meta property=\"og:description\" content=\"B\u00e6rekraft fra er kaffemaskinen for bedrifter med store ambisjoner. God kaffe gir glade ansatte. Finn ut mer!\" \/>\n<meta property=\"og:url\" content=\"https:\/\/www.testing.bravilor.dkpnt.nl\/no\/baerekraft\/\" \/>\n<meta property=\"og:site_name\" content=\"Bravilor Bonamat\" \/>\n<meta property=\"article:publisher\" content=\"https:\/\/www.facebook.com\/bravilor.bonamat.bv\" \/>\n<meta property=\"article:modified_time\" content=\"2024-04-18T11:54:52+00:00\" \/>\n<meta property=\"og:image\" content=\"https:\/\/bravilor.com\/app\/uploads\/2024\/02\/2022_MetalShop_25-1024x683.jpg\" \/>\n<meta name=\"twitter:card\" content=\"summary_large_image\" \/>\n<meta name=\"twitter:label1\" content=\"Est. reading time\" \/>\n\t<meta name=\"twitter:data1\" content=\"2 minutes\" \/>\n<script type=\"application\/ld+json\" class=\"yoast-schema-graph\">{\"@context\":\"https:\/\/schema.org\",\"@graph\":[{\"@type\":\"WebPage\",\"@id\":\"https:\/\/www.testing.bravilor.dkpnt.nl\/no\/baerekraft\/\",\"url\":\"https:\/\/www.testing.bravilor.dkpnt.nl\/no\/baerekraft\/\",\"name\":\"B\u00e6rekraft - Bravilor Bonamat\",\"isPartOf\":{\"@id\":\"https:\/\/www.bravilor.com\/nl\/#website\"},\"primaryImageOfPage\":{\"@id\":\"https:\/\/www.testing.bravilor.dkpnt.nl\/no\/baerekraft\/#primaryimage\"},\"image\":{\"@id\":\"https:\/\/www.testing.bravilor.dkpnt.nl\/no\/baerekraft\/#primaryimage\"},\"thumbnailUrl\":\"https:\/\/bravilor.com\/app\/uploads\/2024\/02\/2022_MetalShop_25-1024x683.jpg\",\"datePublished\":\"2024-01-24T15:02:35+00:00\",\"dateModified\":\"2024-04-18T11:54:52+00:00\",\"description\":\"B\u00e6rekraft fra er kaffemaskinen for bedrifter med store ambisjoner. God kaffe gir glade ansatte. Finn ut mer!\",\"inLanguage\":\"nb-NO\",\"potentialAction\":[{\"@type\":\"ReadAction\",\"target\":[\"https:\/\/www.testing.bravilor.dkpnt.nl\/no\/baerekraft\/\"]}]},{\"@type\":\"ImageObject\",\"inLanguage\":\"nb-NO\",\"@id\":\"https:\/\/www.testing.bravilor.dkpnt.nl\/no\/baerekraft\/#primaryimage\",\"url\":\"https:\/\/bravilor.com\/app\/uploads\/2024\/02\/2022_MetalShop_25-1024x683.jpg\",\"contentUrl\":\"https:\/\/bravilor.com\/app\/uploads\/2024\/02\/2022_MetalShop_25-1024x683.jpg\"},{\"@type\":\"WebSite\",\"@id\":\"https:\/\/www.bravilor.com\/nl\/#website\",\"url\":\"https:\/\/www.bravilor.com\/nl\/\",\"name\":\"Bravilor Bonamat\",\"description\":\"Professional coffee machines and hot water dispensers\",\"publisher\":{\"@id\":\"https:\/\/www.bravilor.com\/nl\/#organization\"},\"potentialAction\":[{\"@type\":\"SearchAction\",\"target\":{\"@type\":\"EntryPoint\",\"urlTemplate\":\"https:\/\/www.bravilor.com\/nl\/?s={search_term_string}\"},\"query-input\":{\"@type\":\"PropertyValueSpecification\",\"valueRequired\":true,\"valueName\":\"search_term_string\"}}],\"inLanguage\":\"nb-NO\"},{\"@type\":\"Organization\",\"@id\":\"https:\/\/www.bravilor.com\/nl\/#organization\",\"name\":\"Bravilor Bonamat\",\"url\":\"https:\/\/www.bravilor.com\/nl\/\",\"logo\":{\"@type\":\"ImageObject\",\"inLanguage\":\"nb-NO\",\"@id\":\"https:\/\/www.bravilor.com\/nl\/#\/schema\/logo\/image\/\",\"url\":\"https:\/\/www.testing.bravilor.dkpnt.nl\/app\/uploads\/2024\/01\/logo.svg\",\"contentUrl\":\"https:\/\/www.testing.bravilor.dkpnt.nl\/app\/uploads\/2024\/01\/logo.svg\",\"width\":1,\"height\":1,\"caption\":\"Bravilor Bonamat\"},\"image\":{\"@id\":\"https:\/\/www.bravilor.com\/nl\/#\/schema\/logo\/image\/\"},\"sameAs\":[\"https:\/\/www.facebook.com\/bravilor.bonamat.bv\"]}]}<\/script>\n<!-- \/ Yoast SEO plugin. -->","yoast_head_json":{"title":"B\u00e6rekraft - Bravilor Bonamat","description":"B\u00e6rekraft fra er kaffemaskinen for bedrifter med store ambisjoner. God kaffe gir glade ansatte. Finn ut mer!","robots":{"index":"noindex","follow":"follow","max-snippet":"max-snippet:-1","max-image-preview":"max-image-preview:large","max-video-preview":"max-video-preview:-1"},"og_locale":"nb_NO","og_type":"article","og_title":"B\u00e6rekraft - Bravilor Bonamat","og_description":"B\u00e6rekraft fra er kaffemaskinen for bedrifter med store ambisjoner. God kaffe gir glade ansatte. Finn ut mer!","og_url":"https:\/\/www.testing.bravilor.dkpnt.nl\/no\/baerekraft\/","og_site_name":"Bravilor Bonamat","article_publisher":"https:\/\/www.facebook.com\/bravilor.bonamat.bv","article_modified_time":"2024-04-18T11:54:52+00:00","og_image":[{"url":"https:\/\/bravilor.com\/app\/uploads\/2024\/02\/2022_MetalShop_25-1024x683.jpg","type":"","width":"","height":""}],"twitter_card":"summary_large_image","twitter_misc":{"Est. reading time":"2 minutes"},"schema":{"@context":"https:\/\/schema.org","@graph":[{"@type":"WebPage","@id":"https:\/\/www.testing.bravilor.dkpnt.nl\/no\/baerekraft\/","url":"https:\/\/www.testing.bravilor.dkpnt.nl\/no\/baerekraft\/","name":"B\u00e6rekraft - Bravilor Bonamat","isPartOf":{"@id":"https:\/\/www.bravilor.com\/nl\/#website"},"primaryImageOfPage":{"@id":"https:\/\/www.testing.bravilor.dkpnt.nl\/no\/baerekraft\/#primaryimage"},"image":{"@id":"https:\/\/www.testing.bravilor.dkpnt.nl\/no\/baerekraft\/#primaryimage"},"thumbnailUrl":"https:\/\/bravilor.com\/app\/uploads\/2024\/02\/2022_MetalShop_25-1024x683.jpg","datePublished":"2024-01-24T15:02:35+00:00","dateModified":"2024-04-18T11:54:52+00:00","description":"B\u00e6rekraft fra er kaffemaskinen for bedrifter med store ambisjoner. God kaffe gir glade ansatte. Finn ut mer!","inLanguage":"nb-NO","potentialAction":[{"@type":"ReadAction","target":["https:\/\/www.testing.bravilor.dkpnt.nl\/no\/baerekraft\/"]}]},{"@type":"ImageObject","inLanguage":"nb-NO","@id":"https:\/\/www.testing.bravilor.dkpnt.nl\/no\/baerekraft\/#primaryimage","url":"https:\/\/bravilor.com\/app\/uploads\/2024\/02\/2022_MetalShop_25-1024x683.jpg","contentUrl":"https:\/\/bravilor.com\/app\/uploads\/2024\/02\/2022_MetalShop_25-1024x683.jpg"},{"@type":"WebSite","@id":"https:\/\/www.bravilor.com\/nl\/#website","url":"https:\/\/www.bravilor.com\/nl\/","name":"Bravilor Bonamat","description":"Professional coffee machines and hot water dispensers","publisher":{"@id":"https:\/\/www.bravilor.com\/nl\/#organization"},"potentialAction":[{"@type":"SearchAction","target":{"@type":"EntryPoint","urlTemplate":"https:\/\/www.bravilor.com\/nl\/?s={search_term_string}"},"query-input":{"@type":"PropertyValueSpecification","valueRequired":true,"valueName":"search_term_string"}}],"inLanguage":"nb-NO"},{"@type":"Organization","@id":"https:\/\/www.bravilor.com\/nl\/#organization","name":"Bravilor Bonamat","url":"https:\/\/www.bravilor.com\/nl\/","logo":{"@type":"ImageObject","inLanguage":"nb-NO","@id":"https:\/\/www.bravilor.com\/nl\/#\/schema\/logo\/image\/","url":"https:\/\/www.testing.bravilor.dkpnt.nl\/app\/uploads\/2024\/01\/logo.svg","contentUrl":"https:\/\/www.testing.bravilor.dkpnt.nl\/app\/uploads\/2024\/01\/logo.svg","width":1,"height":1,"caption":"Bravilor Bonamat"},"image":{"@id":"https:\/\/www.bravilor.com\/nl\/#\/schema\/logo\/image\/"},"sameAs":["https:\/\/www.facebook.com\/bravilor.bonamat.bv"]}]}},"_links":{"self":[{"href":"https:\/\/www.testing.bravilor.dkpnt.nl\/no\/wp-json\/wp\/v2\/pages\/671080","targetHints":{"allow":["GET"]}}],"collection":[{"href":"https:\/\/www.testing.bravilor.dkpnt.nl\/no\/wp-json\/wp\/v2\/pages"}],"about":[{"href":"https:\/\/www.testing.bravilor.dkpnt.nl\/no\/wp-json\/wp\/v2\/types\/page"}],"author":[{"embeddable":true,"href":"https:\/\/www.testing.bravilor.dkpnt.nl\/no\/wp-json\/wp\/v2\/users\/5"}],"replies":[{"embeddable":true,"href":"https:\/\/www.testing.bravilor.dkpnt.nl\/no\/wp-json\/wp\/v2\/comments?post=671080"}],"version-history":[{"count":3,"href":"https:\/\/www.testing.bravilor.dkpnt.nl\/no\/wp-json\/wp\/v2\/pages\/671080\/revisions"}],"predecessor-version":[{"id":672080,"href":"https:\/\/www.testing.bravilor.dkpnt.nl\/no\/wp-json\/wp\/v2\/pages\/671080\/revisions\/672080"}],"wp:attachment":[{"href":"https:\/\/www.testing.bravilor.dkpnt.nl\/no\/wp-json\/wp\/v2\/media?parent=671080"}],"curies":[{"name":"wp","href":"https:\/\/api.w.org\/{rel}","templated":true}]}}